{"id":959,"date":"2025-07-15T11:55:36","date_gmt":"2025-07-15T09:55:36","guid":{"rendered":"https:\/\/astigarragakoemakumeonetxea.eus\/servicios\/"},"modified":"2025-08-29T08:57:36","modified_gmt":"2025-08-29T06:57:36","slug":"servicios","status":"publish","type":"page","link":"https:\/\/astigarragakoemakumeonetxea.eus\/es\/servicios\/","title":{"rendered":"Servicios"},"content":{"rendered":"\t\t<div data-elementor-type=\"wp-page\" data-elementor-id=\"959\" class=\"elementor elementor-959 elementor-240\" data-elementor-post-type=\"page\">\n\t\t\t\t<div class=\"elementor-element elementor-element-324b20b e-flex e-con-boxed e-con e-parent\" data-id=\"324b20b\" data-element_type=\"container\">\n\t\t\t\t\t<div class=\"e-con-inner\">\n\t\t<div class=\"elementor-element elementor-element-bcf41fd e-con-full e-flex e-con e-child\" data-id=\"bcf41fd\" data-element_type=\"container\">\n\t\t\t\t<\/div>\n\t\t<div class=\"elementor-element elementor-element-a4e7076 e-con-full e-flex e-con e-child\" data-id=\"a4e7076\" data-element_type=\"container\">\n\t\t\t\t<div class=\"elementor-element elementor-element-d00b980 elementor-widget elementor-widget-image\" data-id=\"d00b980\" data-element_type=\"widget\" data-widget_type=\"image.default\">\n\t\t\t\t\t\t\t\t\t\t\t\t\t\t\t<img fetchpriority=\"high\" decoding=\"async\" width=\"1500\" height=\"1000\" src=\"https:\/\/astigarragakoemakumeonetxea.eus\/wp-content\/uploads\/2025\/08\/zerbitzuak.jpg\" class=\"attachment-full size-full wp-image-937\" alt=\"\" srcset=\"https:\/\/astigarragakoemakumeonetxea.eus\/wp-content\/uploads\/2025\/08\/zerbitzuak.jpg 1500w, https:\/\/astigarragakoemakumeonetxea.eus\/wp-content\/uploads\/2025\/08\/zerbitzuak-800x533.jpg 800w, https:\/\/astigarragakoemakumeonetxea.eus\/wp-content\/uploads\/2025\/08\/zerbitzuak-1200x800.jpg 1200w, https:\/\/astigarragakoemakumeonetxea.eus\/wp-content\/uploads\/2025\/08\/zerbitzuak-768x512.jpg 768w, https:\/\/astigarragakoemakumeonetxea.eus\/wp-content\/uploads\/2025\/08\/zerbitzuak-391x260.jpg 391w\" sizes=\"(max-width: 1500px) 100vw, 1500px\" \/>\t\t\t\t\t\t\t\t\t\t\t\t\t\t\t<\/div>\n\t\t\t\t<\/div>\n\t\t\t\t\t<\/div>\n\t\t\t\t<\/div>\n\t\t<div class=\"elementor-element elementor-element-8a9d597 e-con-full e-flex e-con e-parent\" data-id=\"8a9d597\" data-element_type=\"container\">\n\t\t\t\t<div class=\"elementor-element elementor-element-8bc69d0 elementor-widget elementor-widget-ucaddon_marquee\" data-id=\"8bc69d0\" data-element_type=\"widget\" data-widget_type=\"ucaddon_marquee.default\">\n\t\t\t\t<div class=\"elementor-widget-container\">\n\t\t\t\t\t\n<!-- start Text Marquee Effect -->\n<style>\/* widget: Text Marquee Effect *\/\n\n#uc_marquee_elementor_8bc69d0{\n    box-sizing: border-box;\n    white-space: nowrap;\n    overflow: hidden;\n    box-sizing: border-box;\n    margin:0 auto;\n    display: flex;\n}\n\n#uc_marquee_elementor_8bc69d0 .marquee_text {\n          width: auto;\n      display: flex;\n        align-items: center;\n    justify-content: center;\n    transition: all 0.2s ease;\n    white-space: nowrap;\n}\n\n#uc_marquee_elementor_8bc69d0 a{\n  text-decoration:none;\n}\n\n#uc_marquee_elementor_8bc69d0 .marquee_text-container {\n  \n  animation-timing-function: linear;\n  animation-iteration-count: infinite;\n  \n    \n  \/* infinite effect *\/\n    \n  \tdisplay: flex;\t\n  \n    \/*right to left*\/\n  \t \n  \t\tanimation-name: marquee_infinite;\n  \t  \n    \/*left to right*\/\n  \t  \n    \/* end infinite effect *\/\n  \n  animation-delay: 250ms;\n  \n}\n\n\n\/*right to left*\/\n@keyframes marquee_infinite { \n    0% { transform: translateX(0); }\n    100% { transform: translateX(-50%); }\n}\n\n\/*left to right*\/\n@keyframes marquee_flip_infinite {\n    0% { transform: translateX(-50%); }\n    100% { transform: translateX(0); }    \n}\n\n\/*right to left*\/\n@keyframes marquee {  \n    0% { transform: translateX(0); }\n    100% { transform: translateX(-100%); }\n}\n\n\/*left to right*\/\n@keyframes marquee_flip { \n    0% { transform: translateX(-100%); }\n    100% { transform: translateX(0); }    \n}\n\n<\/style>\n\n<div class=\"ue_marquee\" id=\"uc_marquee_elementor_8bc69d0\">\n   <div class=\"marquee_text-container \"> \n    <div class=\"marquee_text\">\n      \t\n        <span>CUIDADO \u2013 ESCUCHA ACTIVA \u2013 LIBERTAD \u2013 CONFIDENCIALIDAD \u2013 RESPETO \u2013 EQUILIBRIO \u2013 HUMOR \u2013 CONFIANZA \u2013 PACIENCIA \u2013 CERCAN\u00cdA \u2013 COMUNIDAD \u2013 FEMINISMO \u2013 INTERSECCIONALIDAD \u2013 &nbsp;<\/span>\n      \t\n    <\/div>\n  <\/div>\n<\/div>\n<!-- end Text Marquee Effect -->\t\t\t\t<\/div>\n\t\t\t\t<\/div>\n\t\t\t\t<\/div>\n\t\t<div class=\"elementor-element elementor-element-71bb68d e-flex e-con-boxed e-con e-parent\" data-id=\"71bb68d\" data-element_type=\"container\">\n\t\t\t\t\t<div class=\"e-con-inner\">\n\t\t<div class=\"elementor-element elementor-element-442948a e-con-full e-flex e-con e-child\" data-id=\"442948a\" data-element_type=\"container\">\n\t\t\t\t<div class=\"elementor-element elementor-element-d985052 elementor-widget elementor-widget-heading\" data-id=\"d985052\" data-element_type=\"widget\" data-widget_type=\"heading.default\">\n\t\t\t\t\t<h4 class=\"elementor-heading-title elementor-size-default\">Todos los servicios de Emakumeon Etxea son gratuitos, pero es necesario pedir cita previa. Puedes acercarte a la casa o ponerte en contacto con nosotras.<\/h4>\t\t\t\t<\/div>\n\t\t\t\t<\/div>\n\t\t<div class=\"elementor-element elementor-element-7c52154 e-con-full e-flex e-con e-child\" data-id=\"7c52154\" data-element_type=\"container\">\n\t\t\t\t<div class=\"elementor-element elementor-element-e927950 elementor-widget elementor-widget-heading\" data-id=\"e927950\" data-element_type=\"widget\" data-widget_type=\"heading.default\">\n\t\t\t\t\t<h1 class=\"elementor-heading-title elementor-size-default\">Atenci\u00f3n y orientaci\u00f3n<\/h1>\t\t\t\t<\/div>\n\t\t\t\t<div class=\"elementor-element elementor-element-0e4b4f9 elementor-widget elementor-widget-text-editor\" data-id=\"0e4b4f9\" data-element_type=\"widget\" data-widget_type=\"text-editor.default\">\n\t\t\t\t\t\t\t\t\t<p>Ofrecemos servicios de informaci\u00f3n, orientaci\u00f3n y acogida. Adem\u00e1s, analizamos las necesidades de cada caso para derivar a recursos y servicios tanto propios como externos. <\/p>\t\t\t\t\t\t\t\t<\/div>\n\t\t\t\t<\/div>\n\t\t<div class=\"elementor-element elementor-element-32a77be e-con-full e-flex e-con e-child\" data-id=\"32a77be\" data-element_type=\"container\">\n\t\t\t\t<div class=\"elementor-element elementor-element-f58dea2 elementor-widget elementor-widget-heading\" data-id=\"f58dea2\" data-element_type=\"widget\" data-widget_type=\"heading.default\">\n\t\t\t\t\t<h1 class=\"elementor-heading-title elementor-size-default\">Asesor\u00eda jur\u00eddica<\/h1>\t\t\t\t<\/div>\n\t\t\t\t<div class=\"elementor-element elementor-element-153c9da elementor-widget elementor-widget-text-editor\" data-id=\"153c9da\" data-element_type=\"widget\" data-widget_type=\"text-editor.default\">\n\t\t\t\t\t\t\t\t\tEste servicio pretende garantizar el derecho de las mujeres a disponer de una asesor\u00eda jur\u00eddica especializada sobre conflictos relacionados con diversos temas. Esta asesor\u00eda nos permitir\u00e1, entre otras cosas, ser escuchadas en un espacio seguro y sin juicios, y conocer los derechos que tenemos. \t\t\t\t\t\t\t\t<\/div>\n\t\t\t\t<div class=\"elementor-element elementor-element-db2711c elementor-widget elementor-widget-button\" data-id=\"db2711c\" data-element_type=\"widget\" data-widget_type=\"button.default\">\n\t\t\t\t\t\t\t\t\t\t<a class=\"elementor-button elementor-button-link elementor-size-sm\" href=\"https:\/\/astigarragakoemakumeonetxea.eus\/wp-content\/uploads\/2025\/07\/Eskuorria-emakumeon-etxea-CAS.pdf\" target=\"_blank\">\n\t\t\t\t\t\t<span class=\"elementor-button-content-wrapper\">\n\t\t\t\t\t\t\t\t\t<span class=\"elementor-button-text\">M\u00e1s informaci\u00f3n<\/span>\n\t\t\t\t\t<\/span>\n\t\t\t\t\t<\/a>\n\t\t\t\t\t\t\t\t<\/div>\n\t\t\t\t<\/div>\n\t\t\t\t\t<\/div>\n\t\t\t\t<\/div>\n\t\t\t\t<\/div>\n\t\t","protected":false},"excerpt":{"rendered":"<p>CUIDADO \u2013 ESCUCHA ACTIVA \u2013 LIBERTAD \u2013 CONFIDENCIALIDAD \u2013 RESPETO \u2013 EQUILIBRIO \u2013 HUMOR \u2013 CONFIANZA \u2013 PACIENCIA \u2013 CERCAN\u00cdA [&hellip;]<\/p>\n","protected":false},"author":1,"featured_media":0,"parent":0,"menu_order":0,"comment_status":"closed","ping_status":"closed","template":"","meta":{"site-sidebar-layout":"no-sidebar","site-content-layout":"","ast-site-content-layout":"full-width-container","site-content-style":"default","site-sidebar-style":"default","ast-global-header-display":"","ast-banner-title-visibility":"","ast-main-header-display":"","ast-hfb-above-header-display":"","ast-hfb-below-header-display":"","ast-hfb-mobile-header-display":"","site-post-title":"disabled","ast-breadcrumbs-content":"","ast-featured-img":"disabled","footer-sml-layout":"","theme-transparent-header-meta":"","adv-header-id-meta":"","stick-header-meta":"","header-above-stick-meta":"","header-main-stick-meta":"","header-below-stick-meta":"","astra-migrate-meta-layouts":"default","ast-page-background-enabled":"default","ast-page-background-meta":{"desktop":{"background-color":"var(--ast-global-color-5)","background-image":"","background-repeat":"repeat","background-position":"center center","background-size":"auto","background-attachment":"scroll","background-type":"","background-media":"","overlay-type":"","overlay-color":"","overlay-opacity":"","overlay-gradient":""},"tablet":{"background-color":"","background-image":"","background-repeat":"repeat","background-position":"center center","background-size":"auto","background-attachment":"scroll","background-type":"","background-media":"","overlay-type":"","overlay-color":"","overlay-opacity":"","overlay-gradient":""},"mobile":{"background-color":"","background-image":"","background-repeat":"repeat","background-position":"center center","background-size":"auto","background-attachment":"scroll","background-type":"","background-media":"","overlay-type":"","overlay-color":"","overlay-opacity":"","overlay-gradient":""}},"ast-content-background-meta":{"desktop":{"background-color":"var(--ast-global-color-4)","background-image":"","background-repeat":"repeat","background-position":"center center","background-size":"auto","background-attachment":"scroll","background-type":"","background-media":"","overlay-type":"","overlay-color":"","overlay-opacity":"","overlay-gradient":""},"tablet":{"background-color":"var(--ast-global-color-4)","background-image":"","background-repeat":"repeat","background-position":"center center","background-size":"auto","background-attachment":"scroll","background-type":"","background-media":"","overlay-type":"","overlay-color":"","overlay-opacity":"","overlay-gradient":""},"mobile":{"background-color":"var(--ast-global-color-4)","background-image":"","background-repeat":"repeat","background-position":"center center","background-size":"auto","background-attachment":"scroll","background-type":"","background-media":"","overlay-type":"","overlay-color":"","overlay-opacity":"","overlay-gradient":""}},"footnotes":""},"class_list":["post-959","page","type-page","status-publish","hentry"],"yoast_head":"<!-- This site is optimized with the Yoast SEO plugin v25.5 - https:\/\/yoast.com\/wordpress\/plugins\/seo\/ -->\n<title>Servicios - Astigarragako Emakumeon Etxea<\/title>\n<meta name=\"description\" content=\"Todos los servicios de Emakumeon Etxea son gratuitos, pero es necesario pedir cita previa. Puedes acercarte a la casa o ponerte en contacto con nosotras.\" \/>\n<meta name=\"robots\" content=\"index, follow, max-snippet:-1, max-image-preview:large, max-video-preview:-1\" \/>\n<link rel=\"canonical\" href=\"https:\/\/astigarragakoemakumeonetxea.eus\/es\/servicios\/\" \/>\n<meta property=\"og:locale\" content=\"es_ES\" \/>\n<meta property=\"og:type\" content=\"article\" \/>\n<meta property=\"og:title\" content=\"Servicios - Astigarragako Emakumeon Etxea\" \/>\n<meta property=\"og:description\" content=\"Todos los servicios de Emakumeon Etxea son gratuitos, pero es necesario pedir cita previa. Puedes acercarte a la casa o ponerte en contacto con nosotras.\" \/>\n<meta property=\"og:url\" content=\"https:\/\/astigarragakoemakumeonetxea.eus\/es\/servicios\/\" \/>\n<meta property=\"og:site_name\" content=\"Astigarragako Emakumeon Etxea\" \/>\n<meta property=\"article:modified_time\" content=\"2025-08-29T06:57:36+00:00\" \/>\n<meta property=\"og:image\" content=\"https:\/\/astigarragakoemakumeonetxea.eus\/wp-content\/uploads\/2025\/07\/Emakumeon-Etxea-programazioa-1-600x600.jpg\" \/>\n<meta name=\"twitter:card\" content=\"summary_large_image\" \/>\n<meta name=\"twitter:label1\" content=\"Tiempo de lectura\" \/>\n\t<meta name=\"twitter:data1\" content=\"1 minuto\" \/>\n<script type=\"application\/ld+json\" class=\"yoast-schema-graph\">{\"@context\":\"https:\/\/schema.org\",\"@graph\":[{\"@type\":\"WebPage\",\"@id\":\"https:\/\/astigarragakoemakumeonetxea.eus\/es\/servicios\/\",\"url\":\"https:\/\/astigarragakoemakumeonetxea.eus\/es\/servicios\/\",\"name\":\"Servicios - Astigarragako Emakumeon Etxea\",\"isPartOf\":{\"@id\":\"https:\/\/astigarragakoemakumeonetxea.eus\/es\/#website\"},\"primaryImageOfPage\":{\"@id\":\"https:\/\/astigarragakoemakumeonetxea.eus\/es\/servicios\/#primaryimage\"},\"image\":{\"@id\":\"https:\/\/astigarragakoemakumeonetxea.eus\/es\/servicios\/#primaryimage\"},\"thumbnailUrl\":\"https:\/\/astigarragakoemakumeonetxea.eus\/wp-content\/uploads\/2025\/08\/zerbitzuak.jpg\",\"datePublished\":\"2025-07-15T09:55:36+00:00\",\"dateModified\":\"2025-08-29T06:57:36+00:00\",\"description\":\"Todos los servicios de Emakumeon Etxea son gratuitos, pero es necesario pedir cita previa. Puedes acercarte a la casa o ponerte en contacto con nosotras.\",\"breadcrumb\":{\"@id\":\"https:\/\/astigarragakoemakumeonetxea.eus\/es\/servicios\/#breadcrumb\"},\"inLanguage\":\"es\",\"potentialAction\":[{\"@type\":\"ReadAction\",\"target\":[\"https:\/\/astigarragakoemakumeonetxea.eus\/es\/servicios\/\"]}]},{\"@type\":\"ImageObject\",\"inLanguage\":\"es\",\"@id\":\"https:\/\/astigarragakoemakumeonetxea.eus\/es\/servicios\/#primaryimage\",\"url\":\"https:\/\/astigarragakoemakumeonetxea.eus\/wp-content\/uploads\/2025\/08\/zerbitzuak.jpg\",\"contentUrl\":\"https:\/\/astigarragakoemakumeonetxea.eus\/wp-content\/uploads\/2025\/08\/zerbitzuak.jpg\"},{\"@type\":\"BreadcrumbList\",\"@id\":\"https:\/\/astigarragakoemakumeonetxea.eus\/es\/servicios\/#breadcrumb\",\"itemListElement\":[{\"@type\":\"ListItem\",\"position\":1,\"name\":\"Home\",\"item\":\"https:\/\/astigarragakoemakumeonetxea.eus\/es\/\"},{\"@type\":\"ListItem\",\"position\":2,\"name\":\"Servicios\"}]},{\"@type\":\"WebSite\",\"@id\":\"https:\/\/astigarragakoemakumeonetxea.eus\/es\/#website\",\"url\":\"https:\/\/astigarragakoemakumeonetxea.eus\/es\/\",\"name\":\"Astigarragako Emakumeon Etxea\",\"description\":\"\",\"publisher\":{\"@id\":\"https:\/\/astigarragakoemakumeonetxea.eus\/es\/#organization\"},\"potentialAction\":[{\"@type\":\"SearchAction\",\"target\":{\"@type\":\"EntryPoint\",\"urlTemplate\":\"https:\/\/astigarragakoemakumeonetxea.eus\/es\/?s={search_term_string}\"},\"query-input\":{\"@type\":\"PropertyValueSpecification\",\"valueRequired\":true,\"valueName\":\"search_term_string\"}}],\"inLanguage\":\"es\"},{\"@type\":\"Organization\",\"@id\":\"https:\/\/astigarragakoemakumeonetxea.eus\/es\/#organization\",\"name\":\"Astigarragako Emakumeon Etxea\",\"url\":\"https:\/\/astigarragakoemakumeonetxea.eus\/es\/\",\"logo\":{\"@type\":\"ImageObject\",\"inLanguage\":\"es\",\"@id\":\"https:\/\/astigarragakoemakumeonetxea.eus\/es\/#\/schema\/logo\/image\/\",\"url\":\"https:\/\/astigarragakoemakumeonetxea.eus\/wp-content\/uploads\/2025\/07\/Astigarraga-emakumeon-etxea-logotipoa-morea.png\",\"contentUrl\":\"https:\/\/astigarragakoemakumeonetxea.eus\/wp-content\/uploads\/2025\/07\/Astigarraga-emakumeon-etxea-logotipoa-morea.png\",\"width\":1000,\"height\":429,\"caption\":\"Astigarragako Emakumeon Etxea\"},\"image\":{\"@id\":\"https:\/\/astigarragakoemakumeonetxea.eus\/es\/#\/schema\/logo\/image\/\"}}]}<\/script>\n<!-- \/ Yoast SEO plugin. -->","yoast_head_json":{"title":"Servicios - Astigarragako Emakumeon Etxea","description":"Todos los servicios de Emakumeon Etxea son gratuitos, pero es necesario pedir cita previa. Puedes acercarte a la casa o ponerte en contacto con nosotras.","robots":{"index":"index","follow":"follow","max-snippet":"max-snippet:-1","max-image-preview":"max-image-preview:large","max-video-preview":"max-video-preview:-1"},"canonical":"https:\/\/astigarragakoemakumeonetxea.eus\/es\/servicios\/","og_locale":"es_ES","og_type":"article","og_title":"Servicios - Astigarragako Emakumeon Etxea","og_description":"Todos los servicios de Emakumeon Etxea son gratuitos, pero es necesario pedir cita previa. Puedes acercarte a la casa o ponerte en contacto con nosotras.","og_url":"https:\/\/astigarragakoemakumeonetxea.eus\/es\/servicios\/","og_site_name":"Astigarragako Emakumeon Etxea","article_modified_time":"2025-08-29T06:57:36+00:00","og_image":[{"url":"https:\/\/astigarragakoemakumeonetxea.eus\/wp-content\/uploads\/2025\/07\/Emakumeon-Etxea-programazioa-1-600x600.jpg","type":"","width":"","height":""}],"twitter_card":"summary_large_image","twitter_misc":{"Tiempo de lectura":"1 minuto"},"schema":{"@context":"https:\/\/schema.org","@graph":[{"@type":"WebPage","@id":"https:\/\/astigarragakoemakumeonetxea.eus\/es\/servicios\/","url":"https:\/\/astigarragakoemakumeonetxea.eus\/es\/servicios\/","name":"Servicios - Astigarragako Emakumeon Etxea","isPartOf":{"@id":"https:\/\/astigarragakoemakumeonetxea.eus\/es\/#website"},"primaryImageOfPage":{"@id":"https:\/\/astigarragakoemakumeonetxea.eus\/es\/servicios\/#primaryimage"},"image":{"@id":"https:\/\/astigarragakoemakumeonetxea.eus\/es\/servicios\/#primaryimage"},"thumbnailUrl":"https:\/\/astigarragakoemakumeonetxea.eus\/wp-content\/uploads\/2025\/08\/zerbitzuak.jpg","datePublished":"2025-07-15T09:55:36+00:00","dateModified":"2025-08-29T06:57:36+00:00","description":"Todos los servicios de Emakumeon Etxea son gratuitos, pero es necesario pedir cita previa. Puedes acercarte a la casa o ponerte en contacto con nosotras.","breadcrumb":{"@id":"https:\/\/astigarragakoemakumeonetxea.eus\/es\/servicios\/#breadcrumb"},"inLanguage":"es","potentialAction":[{"@type":"ReadAction","target":["https:\/\/astigarragakoemakumeonetxea.eus\/es\/servicios\/"]}]},{"@type":"ImageObject","inLanguage":"es","@id":"https:\/\/astigarragakoemakumeonetxea.eus\/es\/servicios\/#primaryimage","url":"https:\/\/astigarragakoemakumeonetxea.eus\/wp-content\/uploads\/2025\/08\/zerbitzuak.jpg","contentUrl":"https:\/\/astigarragakoemakumeonetxea.eus\/wp-content\/uploads\/2025\/08\/zerbitzuak.jpg"},{"@type":"BreadcrumbList","@id":"https:\/\/astigarragakoemakumeonetxea.eus\/es\/servicios\/#breadcrumb","itemListElement":[{"@type":"ListItem","position":1,"name":"Home","item":"https:\/\/astigarragakoemakumeonetxea.eus\/es\/"},{"@type":"ListItem","position":2,"name":"Servicios"}]},{"@type":"WebSite","@id":"https:\/\/astigarragakoemakumeonetxea.eus\/es\/#website","url":"https:\/\/astigarragakoemakumeonetxea.eus\/es\/","name":"Astigarragako Emakumeon Etxea","description":"","publisher":{"@id":"https:\/\/astigarragakoemakumeonetxea.eus\/es\/#organization"},"potentialAction":[{"@type":"SearchAction","target":{"@type":"EntryPoint","urlTemplate":"https:\/\/astigarragakoemakumeonetxea.eus\/es\/?s={search_term_string}"},"query-input":{"@type":"PropertyValueSpecification","valueRequired":true,"valueName":"search_term_string"}}],"inLanguage":"es"},{"@type":"Organization","@id":"https:\/\/astigarragakoemakumeonetxea.eus\/es\/#organization","name":"Astigarragako Emakumeon Etxea","url":"https:\/\/astigarragakoemakumeonetxea.eus\/es\/","logo":{"@type":"ImageObject","inLanguage":"es","@id":"https:\/\/astigarragakoemakumeonetxea.eus\/es\/#\/schema\/logo\/image\/","url":"https:\/\/astigarragakoemakumeonetxea.eus\/wp-content\/uploads\/2025\/07\/Astigarraga-emakumeon-etxea-logotipoa-morea.png","contentUrl":"https:\/\/astigarragakoemakumeonetxea.eus\/wp-content\/uploads\/2025\/07\/Astigarraga-emakumeon-etxea-logotipoa-morea.png","width":1000,"height":429,"caption":"Astigarragako Emakumeon Etxea"},"image":{"@id":"https:\/\/astigarragakoemakumeonetxea.eus\/es\/#\/schema\/logo\/image\/"}}]}},"_links":{"self":[{"href":"https:\/\/astigarragakoemakumeonetxea.eus\/es\/wp-json\/wp\/v2\/pages\/959","targetHints":{"allow":["GET"]}}],"collection":[{"href":"https:\/\/astigarragakoemakumeonetxea.eus\/es\/wp-json\/wp\/v2\/pages"}],"about":[{"href":"https:\/\/astigarragakoemakumeonetxea.eus\/es\/wp-json\/wp\/v2\/types\/page"}],"author":[{"embeddable":true,"href":"https:\/\/astigarragakoemakumeonetxea.eus\/es\/wp-json\/wp\/v2\/users\/1"}],"replies":[{"embeddable":true,"href":"https:\/\/astigarragakoemakumeonetxea.eus\/es\/wp-json\/wp\/v2\/comments?post=959"}],"version-history":[{"count":2,"href":"https:\/\/astigarragakoemakumeonetxea.eus\/es\/wp-json\/wp\/v2\/pages\/959\/revisions"}],"predecessor-version":[{"id":975,"href":"https:\/\/astigarragakoemakumeonetxea.eus\/es\/wp-json\/wp\/v2\/pages\/959\/revisions\/975"}],"wp:attachment":[{"href":"https:\/\/astigarragakoemakumeonetxea.eus\/es\/wp-json\/wp\/v2\/media?parent=959"}],"curies":[{"name":"wp","href":"https:\/\/api.w.org\/{rel}","templated":true}]}}