{"id":961,"date":"2025-07-15T13:41:59","date_gmt":"2025-07-15T11:41:59","guid":{"rendered":"https:\/\/astigarragakoemakumeonetxea.eus\/contacto\/"},"modified":"2025-09-12T13:28:40","modified_gmt":"2025-09-12T11:28:40","slug":"contacto","status":"publish","type":"page","link":"https:\/\/astigarragakoemakumeonetxea.eus\/es\/contacto\/","title":{"rendered":"Contacto"},"content":{"rendered":"\t\t<div data-elementor-type=\"wp-page\" data-elementor-id=\"961\" class=\"elementor elementor-961 elementor-261\" data-elementor-post-type=\"page\">\n\t\t\t\t<div class=\"elementor-element elementor-element-8786dfe e-flex e-con-boxed e-con e-parent\" data-id=\"8786dfe\" data-element_type=\"container\">\n\t\t\t\t\t<div class=\"e-con-inner\">\n\t\t<div class=\"elementor-element elementor-element-b4f7491 e-con-full elementor-hidden-tablet elementor-hidden-mobile e-flex e-con e-child\" data-id=\"b4f7491\" data-element_type=\"container\">\n\t\t\t\t<\/div>\n\t\t<div class=\"elementor-element elementor-element-1b40f45 e-con-full e-flex e-con e-child\" data-id=\"1b40f45\" data-element_type=\"container\">\n\t\t\t\t<div class=\"elementor-element elementor-element-157fd54 elementor-widget elementor-widget-google_maps\" data-id=\"157fd54\" data-element_type=\"widget\" data-widget_type=\"google_maps.default\">\n\t\t\t\t\t\t\t<div class=\"elementor-custom-embed\">\n\t\t\t<iframe loading=\"lazy\"\n\t\t\t\t\tsrc=\"https:\/\/maps.google.com\/maps?q=astigarragako%20emakumeon%20etxea&#038;t=m&#038;z=17&#038;output=embed&#038;iwloc=near\"\n\t\t\t\t\ttitle=\"astigarragako emakumeon etxea\"\n\t\t\t\t\taria-label=\"astigarragako emakumeon etxea\"\n\t\t\t><\/iframe>\n\t\t<\/div>\n\t\t\t\t\t\t<\/div>\n\t\t\t\t<\/div>\n\t\t\t\t\t<\/div>\n\t\t\t\t<\/div>\n\t\t<div class=\"elementor-element elementor-element-26da880 e-con-full e-flex e-con e-parent\" data-id=\"26da880\" data-element_type=\"container\">\n\t\t\t\t<div class=\"elementor-element elementor-element-ec900af elementor-widget elementor-widget-ucaddon_marquee\" data-id=\"ec900af\" data-element_type=\"widget\" data-widget_type=\"ucaddon_marquee.default\">\n\t\t\t\t<div class=\"elementor-widget-container\">\n\t\t\t\t\t\n<!-- start Text Marquee Effect -->\n<style>\/* widget: Text Marquee Effect *\/\n\n#uc_marquee_elementor_ec900af{\n    box-sizing: border-box;\n    white-space: nowrap;\n    overflow: hidden;\n    box-sizing: border-box;\n    margin:0 auto;\n    display: flex;\n}\n\n#uc_marquee_elementor_ec900af .marquee_text {\n          width: auto;\n      display: flex;\n        align-items: center;\n    justify-content: center;\n    transition: all 0.2s ease;\n    white-space: nowrap;\n}\n\n#uc_marquee_elementor_ec900af a{\n  text-decoration:none;\n}\n\n#uc_marquee_elementor_ec900af .marquee_text-container {\n  \n  animation-timing-function: linear;\n  animation-iteration-count: infinite;\n  \n    \n  \/* infinite effect *\/\n    \n  \tdisplay: flex;\t\n  \n    \/*right to left*\/\n  \t \n  \t\tanimation-name: marquee_infinite;\n  \t  \n    \/*left to right*\/\n  \t  \n    \/* end infinite effect *\/\n  \n  animation-delay: 250ms;\n  \n}\n\n\n\/*right to left*\/\n@keyframes marquee_infinite { \n    0% { transform: translateX(0); }\n    100% { transform: translateX(-50%); }\n}\n\n\/*left to right*\/\n@keyframes marquee_flip_infinite {\n    0% { transform: translateX(-50%); }\n    100% { transform: translateX(0); }    \n}\n\n\/*right to left*\/\n@keyframes marquee {  \n    0% { transform: translateX(0); }\n    100% { transform: translateX(-100%); }\n}\n\n\/*left to right*\/\n@keyframes marquee_flip { \n    0% { transform: translateX(-100%); }\n    100% { transform: translateX(0); }    \n}\n\n<\/style>\n\n<div class=\"ue_marquee\" id=\"uc_marquee_elementor_ec900af\">\n   <div class=\"marquee_text-container \"> \n    <div class=\"marquee_text\">\n      \t\n        <span>CUIDADO \u2013 ESCUCHA ACTIVA \u2013 LIBERTAD \u2013 CONFIDENCIALIDAD \u2013 RESPETO \u2013 EQUILIBRIO \u2013 HUMOR \u2013 CONFIANZA \u2013 PACIENCIA \u2013 CERCAN\u00cdA \u2013 COMUNIDAD \u2013 FEMINISMO \u2013 INTERSECCIONALIDAD \u2013 &nbsp;<\/span>\n      \t\n    <\/div>\n  <\/div>\n<\/div>\n<!-- end Text Marquee Effect -->\t\t\t\t<\/div>\n\t\t\t\t<\/div>\n\t\t\t\t<\/div>\n\t\t<div class=\"elementor-element elementor-element-a4f9478 e-flex e-con-boxed e-con e-parent\" data-id=\"a4f9478\" data-element_type=\"container\">\n\t\t\t\t\t<div class=\"e-con-inner\">\n\t\t<div class=\"elementor-element elementor-element-911a386 e-con-full e-flex e-con e-child\" data-id=\"911a386\" data-element_type=\"container\">\n\t\t\t\t<div class=\"elementor-element elementor-element-c8825d1 elementor-widget elementor-widget-heading\" data-id=\"c8825d1\" data-element_type=\"widget\" data-widget_type=\"heading.default\">\n\t\t\t\t\t<h2 class=\"elementor-heading-title elementor-size-default\">Horario<\/h2>\t\t\t\t<\/div>\n\t\t\t\t<div class=\"elementor-element elementor-element-e9af695 elementor-icon-list--layout-traditional elementor-list-item-link-full_width elementor-widget elementor-widget-icon-list\" data-id=\"e9af695\" data-element_type=\"widget\" data-widget_type=\"icon-list.default\">\n\t\t\t\t\t\t\t<ul class=\"elementor-icon-list-items\">\n\t\t\t\t\t\t\t<li class=\"elementor-icon-list-item\">\n\t\t\t\t\t\t\t\t\t\t\t<span class=\"elementor-icon-list-icon\">\n\t\t\t\t\t\t\t<svg aria-hidden=\"true\" class=\"e-font-icon-svg e-far-clock\" viewBox=\"0 0 512 512\" xmlns=\"http:\/\/www.w3.org\/2000\/svg\"><path d=\"M256 8C119 8 8 119 8 256s111 248 248 248 248-111 248-248S393 8 256 8zm0 448c-110.5 0-200-89.5-200-200S145.5 56 256 56s200 89.5 200 200-89.5 200-200 200zm61.8-104.4l-84.9-61.7c-3.1-2.3-4.9-5.9-4.9-9.7V116c0-6.6 5.4-12 12-12h32c6.6 0 12 5.4 12 12v141.7l66.8 48.6c5.4 3.9 6.5 11.4 2.6 16.8L334.6 349c-3.9 5.3-11.4 6.5-16.8 2.6z\"><\/path><\/svg>\t\t\t\t\t\t<\/span>\n\t\t\t\t\t\t\t\t\t\t<span class=\"elementor-icon-list-text\">Lunes, martes y viernes: 9:00 - 15:00<\/span>\n\t\t\t\t\t\t\t\t\t<\/li>\n\t\t\t\t\t\t\t\t<li class=\"elementor-icon-list-item\">\n\t\t\t\t\t\t\t\t\t\t\t<span class=\"elementor-icon-list-icon\">\n\t\t\t\t\t\t\t<svg aria-hidden=\"true\" class=\"e-font-icon-svg e-far-clock\" viewBox=\"0 0 512 512\" xmlns=\"http:\/\/www.w3.org\/2000\/svg\"><path d=\"M256 8C119 8 8 119 8 256s111 248 248 248 248-111 248-248S393 8 256 8zm0 448c-110.5 0-200-89.5-200-200S145.5 56 256 56s200 89.5 200 200-89.5 200-200 200zm61.8-104.4l-84.9-61.7c-3.1-2.3-4.9-5.9-4.9-9.7V116c0-6.6 5.4-12 12-12h32c6.6 0 12 5.4 12 12v141.7l66.8 48.6c5.4 3.9 6.5 11.4 2.6 16.8L334.6 349c-3.9 5.3-11.4 6.5-16.8 2.6z\"><\/path><\/svg>\t\t\t\t\t\t<\/span>\n\t\t\t\t\t\t\t\t\t\t<span class=\"elementor-icon-list-text\">Mi\u00e9rcoles y jueves: 13:00 - 19:00<\/span>\n\t\t\t\t\t\t\t\t\t<\/li>\n\t\t\t\t\t\t<\/ul>\n\t\t\t\t\t\t<\/div>\n\t\t\t\t<\/div>\n\t\t<div class=\"elementor-element elementor-element-72dfd96 e-con-full e-flex e-con e-child\" data-id=\"72dfd96\" data-element_type=\"container\">\n\t\t\t\t<div class=\"elementor-element elementor-element-f47b9b5 elementor-align-left elementor-icon-list--layout-traditional elementor-list-item-link-full_width elementor-widget elementor-widget-icon-list\" data-id=\"f47b9b5\" data-element_type=\"widget\" data-widget_type=\"icon-list.default\">\n\t\t\t\t\t\t\t<ul class=\"elementor-icon-list-items\">\n\t\t\t\t\t\t\t<li class=\"elementor-icon-list-item\">\n\t\t\t\t\t\t\t\t\t\t\t<a href=\"mailto:emakumeonetxea.astigarraga@gmail.com\">\n\n\t\t\t\t\t\t\t\t\t\t\t\t<span class=\"elementor-icon-list-icon\">\n\t\t\t\t\t\t\t<svg aria-hidden=\"true\" class=\"e-font-icon-svg e-far-envelope\" viewBox=\"0 0 512 512\" xmlns=\"http:\/\/www.w3.org\/2000\/svg\"><path d=\"M464 64H48C21.49 64 0 85.49 0 112v288c0 26.51 21.49 48 48 48h416c26.51 0 48-21.49 48-48V112c0-26.51-21.49-48-48-48zm0 48v40.805c-22.422 18.259-58.168 46.651-134.587 106.49-16.841 13.247-50.201 45.072-73.413 44.701-23.208.375-56.579-31.459-73.413-44.701C106.18 199.465 70.425 171.067 48 152.805V112h416zM48 400V214.398c22.914 18.251 55.409 43.862 104.938 82.646 21.857 17.205 60.134 55.186 103.062 54.955 42.717.231 80.509-37.199 103.053-54.947 49.528-38.783 82.032-64.401 104.947-82.653V400H48z\"><\/path><\/svg>\t\t\t\t\t\t<\/span>\n\t\t\t\t\t\t\t\t\t\t<span class=\"elementor-icon-list-text\">emakumeonetxea.astigarraga@gmail.com<\/span>\n\t\t\t\t\t\t\t\t\t\t\t<\/a>\n\t\t\t\t\t\t\t\t\t<\/li>\n\t\t\t\t\t\t\t\t<li class=\"elementor-icon-list-item\">\n\t\t\t\t\t\t\t\t\t\t\t<a href=\"http:\/\/Astigarraga,%20Calle%20Mayor%2023%20\">\n\n\t\t\t\t\t\t\t\t\t\t\t\t<span class=\"elementor-icon-list-icon\">\n\t\t\t\t\t\t\t<svg aria-hidden=\"true\" class=\"e-font-icon-svg e-fas-map-marker-alt\" viewBox=\"0 0 384 512\" xmlns=\"http:\/\/www.w3.org\/2000\/svg\"><path d=\"M172.268 501.67C26.97 291.031 0 269.413 0 192 0 85.961 85.961 0 192 0s192 85.961 192 192c0 77.413-26.97 99.031-172.268 309.67-9.535 13.774-29.93 13.773-39.464 0zM192 272c44.183 0 80-35.817 80-80s-35.817-80-80-80-80 35.817-80 80 35.817 80 80 80z\"><\/path><\/svg>\t\t\t\t\t\t<\/span>\n\t\t\t\t\t\t\t\t\t\t<span class=\"elementor-icon-list-text\">Astigarraga, Calle Mayor 23 <\/span>\n\t\t\t\t\t\t\t\t\t\t\t<\/a>\n\t\t\t\t\t\t\t\t\t<\/li>\n\t\t\t\t\t\t\t\t<li class=\"elementor-icon-list-item\">\n\t\t\t\t\t\t\t\t\t\t\t<a href=\"tel:+34648417157\">\n\n\t\t\t\t\t\t\t\t\t\t\t\t<span class=\"elementor-icon-list-icon\">\n\t\t\t\t\t\t\t<svg aria-hidden=\"true\" class=\"e-font-icon-svg e-fas-phone-alt\" viewBox=\"0 0 512 512\" xmlns=\"http:\/\/www.w3.org\/2000\/svg\"><path d=\"M497.39 361.8l-112-48a24 24 0 0 0-28 6.9l-49.6 60.6A370.66 370.66 0 0 1 130.6 204.11l60.6-49.6a23.94 23.94 0 0 0 6.9-28l-48-112A24.16 24.16 0 0 0 122.6.61l-104 24A24 24 0 0 0 0 48c0 256.5 207.9 464 464 464a24 24 0 0 0 23.4-18.6l24-104a24.29 24.29 0 0 0-14.01-27.6z\"><\/path><\/svg>\t\t\t\t\t\t<\/span>\n\t\t\t\t\t\t\t\t\t\t<span class=\"elementor-icon-list-text\">648 417 157<\/span>\n\t\t\t\t\t\t\t\t\t\t\t<\/a>\n\t\t\t\t\t\t\t\t\t<\/li>\n\t\t\t\t\t\t<\/ul>\n\t\t\t\t\t\t<\/div>\n\t\t\t\t<\/div>\n\t\t\t\t\t<\/div>\n\t\t\t\t<\/div>\n\t\t\t\t<\/div>\n\t\t","protected":false},"excerpt":{"rendered":"<p>CUIDADO \u2013 ESCUCHA ACTIVA \u2013 LIBERTAD \u2013 CONFIDENCIALIDAD \u2013 RESPETO \u2013 EQUILIBRIO \u2013 HUMOR \u2013 CONFIANZA \u2013 PACIENCIA \u2013 CERCAN\u00cdA [&hellip;]<\/p>\n","protected":false},"author":1,"featured_media":0,"parent":0,"menu_order":0,"comment_status":"closed","ping_status":"closed","template":"","meta":{"site-sidebar-layout":"no-sidebar","site-content-layout":"","ast-site-content-layout":"full-width-container","site-content-style":"default","site-sidebar-style":"default","ast-global-header-display":"","ast-banner-title-visibility":"","ast-main-header-display":"","ast-hfb-above-header-display":"","ast-hfb-below-header-display":"","ast-hfb-mobile-header-display":"","site-post-title":"disabled","ast-breadcrumbs-content":"","ast-featured-img":"disabled","footer-sml-layout":"","theme-transparent-header-meta":"","adv-header-id-meta":"","stick-header-meta":"","header-above-stick-meta":"","header-main-stick-meta":"","header-below-stick-meta":"","astra-migrate-meta-layouts":"default","ast-page-background-enabled":"default","ast-page-background-meta":{"desktop":{"background-color":"var(--ast-global-color-5)","background-image":"","background-repeat":"repeat","background-position":"center center","background-size":"auto","background-attachment":"scroll","background-type":"","background-media":"","overlay-type":"","overlay-color":"","overlay-opacity":"","overlay-gradient":""},"tablet":{"background-color":"","background-image":"","background-repeat":"repeat","background-position":"center center","background-size":"auto","background-attachment":"scroll","background-type":"","background-media":"","overlay-type":"","overlay-color":"","overlay-opacity":"","overlay-gradient":""},"mobile":{"background-color":"","background-image":"","background-repeat":"repeat","background-position":"center center","background-size":"auto","background-attachment":"scroll","background-type":"","background-media":"","overlay-type":"","overlay-color":"","overlay-opacity":"","overlay-gradient":""}},"ast-content-background-meta":{"desktop":{"background-color":"var(--ast-global-color-4)","background-image":"","background-repeat":"repeat","background-position":"center center","background-size":"auto","background-attachment":"scroll","background-type":"","background-media":"","overlay-type":"","overlay-color":"","overlay-opacity":"","overlay-gradient":""},"tablet":{"background-color":"var(--ast-global-color-4)","background-image":"","background-repeat":"repeat","background-position":"center center","background-size":"auto","background-attachment":"scroll","background-type":"","background-media":"","overlay-type":"","overlay-color":"","overlay-opacity":"","overlay-gradient":""},"mobile":{"background-color":"var(--ast-global-color-4)","background-image":"","background-repeat":"repeat","background-position":"center center","background-size":"auto","background-attachment":"scroll","background-type":"","background-media":"","overlay-type":"","overlay-color":"","overlay-opacity":"","overlay-gradient":""}},"footnotes":""},"class_list":["post-961","page","type-page","status-publish","hentry"],"yoast_head":"<!-- This site is optimized with the Yoast SEO plugin v25.5 - https:\/\/yoast.com\/wordpress\/plugins\/seo\/ -->\n<title>Contacto - Astigarragako Emakumeon Etxea<\/title>\n<meta name=\"description\" content=\"Estamos en la Calle Principal de Astigarraga. Tambi\u00e9n puede contactarnos por correo electr\u00f3nico o tel\u00e9fono.\" \/>\n<meta name=\"robots\" content=\"index, follow, max-snippet:-1, max-image-preview:large, max-video-preview:-1\" \/>\n<link rel=\"canonical\" href=\"https:\/\/astigarragakoemakumeonetxea.eus\/es\/contacto\/\" \/>\n<meta property=\"og:locale\" content=\"es_ES\" \/>\n<meta property=\"og:type\" content=\"article\" \/>\n<meta property=\"og:title\" content=\"Contacto - Astigarragako Emakumeon Etxea\" \/>\n<meta property=\"og:description\" content=\"Estamos en la Calle Principal de Astigarraga. Tambi\u00e9n puede contactarnos por correo electr\u00f3nico o tel\u00e9fono.\" \/>\n<meta property=\"og:url\" content=\"https:\/\/astigarragakoemakumeonetxea.eus\/es\/contacto\/\" \/>\n<meta property=\"og:site_name\" content=\"Astigarragako Emakumeon Etxea\" \/>\n<meta property=\"article:modified_time\" content=\"2025-09-12T11:28:40+00:00\" \/>\n<meta property=\"og:image\" content=\"https:\/\/astigarragakoemakumeonetxea.eus\/wp-content\/uploads\/2025\/07\/Unknown-600x600.jpeg\" \/>\n<meta name=\"twitter:card\" content=\"summary_large_image\" \/>\n<meta name=\"twitter:label1\" content=\"Tiempo de lectura\" \/>\n\t<meta name=\"twitter:data1\" content=\"1 minuto\" \/>\n<script type=\"application\/ld+json\" class=\"yoast-schema-graph\">{\"@context\":\"https:\/\/schema.org\",\"@graph\":[{\"@type\":\"WebPage\",\"@id\":\"https:\/\/astigarragakoemakumeonetxea.eus\/es\/contacto\/\",\"url\":\"https:\/\/astigarragakoemakumeonetxea.eus\/es\/contacto\/\",\"name\":\"Contacto - Astigarragako Emakumeon Etxea\",\"isPartOf\":{\"@id\":\"https:\/\/astigarragakoemakumeonetxea.eus\/es\/#website\"},\"datePublished\":\"2025-07-15T11:41:59+00:00\",\"dateModified\":\"2025-09-12T11:28:40+00:00\",\"description\":\"Estamos en la Calle Principal de Astigarraga. Tambi\u00e9n puede contactarnos por correo electr\u00f3nico o tel\u00e9fono.\",\"breadcrumb\":{\"@id\":\"https:\/\/astigarragakoemakumeonetxea.eus\/es\/contacto\/#breadcrumb\"},\"inLanguage\":\"es\",\"potentialAction\":[{\"@type\":\"ReadAction\",\"target\":[\"https:\/\/astigarragakoemakumeonetxea.eus\/es\/contacto\/\"]}]},{\"@type\":\"BreadcrumbList\",\"@id\":\"https:\/\/astigarragakoemakumeonetxea.eus\/es\/contacto\/#breadcrumb\",\"itemListElement\":[{\"@type\":\"ListItem\",\"position\":1,\"name\":\"Home\",\"item\":\"https:\/\/astigarragakoemakumeonetxea.eus\/es\/\"},{\"@type\":\"ListItem\",\"position\":2,\"name\":\"Contacto\"}]},{\"@type\":\"WebSite\",\"@id\":\"https:\/\/astigarragakoemakumeonetxea.eus\/es\/#website\",\"url\":\"https:\/\/astigarragakoemakumeonetxea.eus\/es\/\",\"name\":\"Astigarragako Emakumeon Etxea\",\"description\":\"\",\"publisher\":{\"@id\":\"https:\/\/astigarragakoemakumeonetxea.eus\/es\/#organization\"},\"potentialAction\":[{\"@type\":\"SearchAction\",\"target\":{\"@type\":\"EntryPoint\",\"urlTemplate\":\"https:\/\/astigarragakoemakumeonetxea.eus\/es\/?s={search_term_string}\"},\"query-input\":{\"@type\":\"PropertyValueSpecification\",\"valueRequired\":true,\"valueName\":\"search_term_string\"}}],\"inLanguage\":\"es\"},{\"@type\":\"Organization\",\"@id\":\"https:\/\/astigarragakoemakumeonetxea.eus\/es\/#organization\",\"name\":\"Astigarragako Emakumeon Etxea\",\"url\":\"https:\/\/astigarragakoemakumeonetxea.eus\/es\/\",\"logo\":{\"@type\":\"ImageObject\",\"inLanguage\":\"es\",\"@id\":\"https:\/\/astigarragakoemakumeonetxea.eus\/es\/#\/schema\/logo\/image\/\",\"url\":\"https:\/\/astigarragakoemakumeonetxea.eus\/wp-content\/uploads\/2025\/07\/Astigarraga-emakumeon-etxea-logotipoa-morea.png\",\"contentUrl\":\"https:\/\/astigarragakoemakumeonetxea.eus\/wp-content\/uploads\/2025\/07\/Astigarraga-emakumeon-etxea-logotipoa-morea.png\",\"width\":1000,\"height\":429,\"caption\":\"Astigarragako Emakumeon Etxea\"},\"image\":{\"@id\":\"https:\/\/astigarragakoemakumeonetxea.eus\/es\/#\/schema\/logo\/image\/\"}}]}<\/script>\n<!-- \/ Yoast SEO plugin. -->","yoast_head_json":{"title":"Contacto - Astigarragako Emakumeon Etxea","description":"Estamos en la Calle Principal de Astigarraga. Tambi\u00e9n puede contactarnos por correo electr\u00f3nico o tel\u00e9fono.","robots":{"index":"index","follow":"follow","max-snippet":"max-snippet:-1","max-image-preview":"max-image-preview:large","max-video-preview":"max-video-preview:-1"},"canonical":"https:\/\/astigarragakoemakumeonetxea.eus\/es\/contacto\/","og_locale":"es_ES","og_type":"article","og_title":"Contacto - Astigarragako Emakumeon Etxea","og_description":"Estamos en la Calle Principal de Astigarraga. Tambi\u00e9n puede contactarnos por correo electr\u00f3nico o tel\u00e9fono.","og_url":"https:\/\/astigarragakoemakumeonetxea.eus\/es\/contacto\/","og_site_name":"Astigarragako Emakumeon Etxea","article_modified_time":"2025-09-12T11:28:40+00:00","og_image":[{"url":"https:\/\/astigarragakoemakumeonetxea.eus\/wp-content\/uploads\/2025\/07\/Unknown-600x600.jpeg","type":"","width":"","height":""}],"twitter_card":"summary_large_image","twitter_misc":{"Tiempo de lectura":"1 minuto"},"schema":{"@context":"https:\/\/schema.org","@graph":[{"@type":"WebPage","@id":"https:\/\/astigarragakoemakumeonetxea.eus\/es\/contacto\/","url":"https:\/\/astigarragakoemakumeonetxea.eus\/es\/contacto\/","name":"Contacto - Astigarragako Emakumeon Etxea","isPartOf":{"@id":"https:\/\/astigarragakoemakumeonetxea.eus\/es\/#website"},"datePublished":"2025-07-15T11:41:59+00:00","dateModified":"2025-09-12T11:28:40+00:00","description":"Estamos en la Calle Principal de Astigarraga. Tambi\u00e9n puede contactarnos por correo electr\u00f3nico o tel\u00e9fono.","breadcrumb":{"@id":"https:\/\/astigarragakoemakumeonetxea.eus\/es\/contacto\/#breadcrumb"},"inLanguage":"es","potentialAction":[{"@type":"ReadAction","target":["https:\/\/astigarragakoemakumeonetxea.eus\/es\/contacto\/"]}]},{"@type":"BreadcrumbList","@id":"https:\/\/astigarragakoemakumeonetxea.eus\/es\/contacto\/#breadcrumb","itemListElement":[{"@type":"ListItem","position":1,"name":"Home","item":"https:\/\/astigarragakoemakumeonetxea.eus\/es\/"},{"@type":"ListItem","position":2,"name":"Contacto"}]},{"@type":"WebSite","@id":"https:\/\/astigarragakoemakumeonetxea.eus\/es\/#website","url":"https:\/\/astigarragakoemakumeonetxea.eus\/es\/","name":"Astigarragako Emakumeon Etxea","description":"","publisher":{"@id":"https:\/\/astigarragakoemakumeonetxea.eus\/es\/#organization"},"potentialAction":[{"@type":"SearchAction","target":{"@type":"EntryPoint","urlTemplate":"https:\/\/astigarragakoemakumeonetxea.eus\/es\/?s={search_term_string}"},"query-input":{"@type":"PropertyValueSpecification","valueRequired":true,"valueName":"search_term_string"}}],"inLanguage":"es"},{"@type":"Organization","@id":"https:\/\/astigarragakoemakumeonetxea.eus\/es\/#organization","name":"Astigarragako Emakumeon Etxea","url":"https:\/\/astigarragakoemakumeonetxea.eus\/es\/","logo":{"@type":"ImageObject","inLanguage":"es","@id":"https:\/\/astigarragakoemakumeonetxea.eus\/es\/#\/schema\/logo\/image\/","url":"https:\/\/astigarragakoemakumeonetxea.eus\/wp-content\/uploads\/2025\/07\/Astigarraga-emakumeon-etxea-logotipoa-morea.png","contentUrl":"https:\/\/astigarragakoemakumeonetxea.eus\/wp-content\/uploads\/2025\/07\/Astigarraga-emakumeon-etxea-logotipoa-morea.png","width":1000,"height":429,"caption":"Astigarragako Emakumeon Etxea"},"image":{"@id":"https:\/\/astigarragakoemakumeonetxea.eus\/es\/#\/schema\/logo\/image\/"}}]}},"_links":{"self":[{"href":"https:\/\/astigarragakoemakumeonetxea.eus\/es\/wp-json\/wp\/v2\/pages\/961","targetHints":{"allow":["GET"]}}],"collection":[{"href":"https:\/\/astigarragakoemakumeonetxea.eus\/es\/wp-json\/wp\/v2\/pages"}],"about":[{"href":"https:\/\/astigarragakoemakumeonetxea.eus\/es\/wp-json\/wp\/v2\/types\/page"}],"author":[{"embeddable":true,"href":"https:\/\/astigarragakoemakumeonetxea.eus\/es\/wp-json\/wp\/v2\/users\/1"}],"replies":[{"embeddable":true,"href":"https:\/\/astigarragakoemakumeonetxea.eus\/es\/wp-json\/wp\/v2\/comments?post=961"}],"version-history":[{"count":21,"href":"https:\/\/astigarragakoemakumeonetxea.eus\/es\/wp-json\/wp\/v2\/pages\/961\/revisions"}],"predecessor-version":[{"id":1103,"href":"https:\/\/astigarragakoemakumeonetxea.eus\/es\/wp-json\/wp\/v2\/pages\/961\/revisions\/1103"}],"wp:attachment":[{"href":"https:\/\/astigarragakoemakumeonetxea.eus\/es\/wp-json\/wp\/v2\/media?parent=961"}],"curies":[{"name":"wp","href":"https:\/\/api.w.org\/{rel}","templated":true}]}}